{"id":3,"date":"2025-01-09T13:12:57","date_gmt":"2025-01-09T13:12:57","guid":{"rendered":"http:\/\/colabo.lndo.site\/?page_id=3"},"modified":"2025-02-21T11:03:40","modified_gmt":"2025-02-21T11:03:40","slug":"privacyverklaring","status":"publish","type":"page","link":"https:\/\/colabo.be\/nl\/privacyverklaring\/","title":{"rendered":"Privacyverklaring"},"content":{"rendered":"\n<p>Colabo hecht een groot belang aan je privacy en een zorgvuldige omgang met je persoonsgegevens. We doen daarom ons uiterste best om je met deze privacyverklaring in heldere en duidelijke taal uit te leggen welke persoonsgegevens we van jou verzamelen, waarvoor we deze gebruiken en wat je rechten in dit verband zijn.<\/p>\n\n\n\n<div style=\"height:10px\" aria-hidden=\"true\" class=\"wp-block-spacer\"><\/div>\n\n\n\n<p>Deze versie van de privacyverklaring dateert van 31\/01\/2025.<\/p>\n\n\n\n<div style=\"height:75px\" aria-hidden=\"true\" class=\"wp-block-spacer\"><\/div>\n\n\n\n<h3 class=\"wp-block-heading\"><strong>1. Wie zijn wij?<\/strong><\/h3>\n\n\n\n<p>\u201cWij\u201d, \u201cWe\u201d, &nbsp;\u201cons\u201d of \u201conze\u201d betekent Colabo met maatschappelijke zetel te Prins Boudewijnlaan 43, 2650 Edegem, Belgi\u00eb en met ondernemingsnummer 0738974308.<\/p>\n\n\n\n<div style=\"height:10px\" aria-hidden=\"true\" class=\"wp-block-spacer\"><\/div>\n\n\n\n<p>Indien je vragen, opmerkingen of klachten hebt met betrekking tot deze privacyverklaring of de verwerking van jouw persoonsgegevens of je wenst \u00e9\u00e9n van jouw rechten uit te oefenen, gelieve dan contact op te nemen met ons per e-mail naar<a> <\/a><a href=\"mailto:dpo@fieldside.be\">dpo@fieldside.be<\/a>.<\/p>\n\n\n\n<div style=\"height:50px\" aria-hidden=\"true\" class=\"wp-block-spacer\"><\/div>\n\n\n\n<h3 class=\"wp-block-heading\"><strong>2. Toepassingsgebied<\/strong><strong><\/strong><\/h3>\n\n\n\n<p>Deze privacyverklaring is van toepassing op deze website, onze direct marketingactiviteiten en de algemene organisatie van Colabo.<\/p>\n\n\n\n<div style=\"height:50px\" aria-hidden=\"true\" class=\"wp-block-spacer\"><\/div>\n\n\n\n<h3 class=\"wp-block-heading policy-scroll-item\" id=\"pv-3\"><strong>3. Waarom en hoe verwerken wij jouw persoonsgegevens?<\/strong><\/h3>\n\n\n\n<p>Als je onze website bezoekt en\/of in contact met ons staat is het mogelijk dat er bepaalde persoonsgegevens worden verwerkt. Hieronder vind je meer informatie over de verschillende verwerkingsactiviteiten die mogelijk op jou van toepassing zijn.<\/p>\n\n\n\n<div style=\"height:25px\" aria-hidden=\"true\" class=\"wp-block-spacer\"><\/div>\n\n\n\n<h4 class=\"wp-block-heading\"><strong>3.1 Gebruik van onze website<\/strong><\/h4>\n\n\n\n<p>Wanneer je onze website bezoekt, kunnen we persoonsgegevens verwerken met behulp van online technieken zoals cookies, trackers, scripts en soortgelijke technologie\u00ebn (hierna &#8216;cookies&#8217; genoemd). Het kan gaan om<\/p>\n\n\n\n<ul class=\"wp-block-list\">\n<li>(1) essenti\u00eble cookies die strikt noodzakelijk zijn om een bericht te verzenden via een elektronisch communicatienetwerk, om de beveiliging van onze website te garanderen of informatie op te slaan over het verlenen van een uitdrukkelijk door jou gevraagde dienst;<\/li>\n\n\n\n<li>(2) functionele cookies die je gebruik van onze website verder vorm geven;<\/li>\n\n\n\n<li>(3) analytische cookies om je gebruik van onze website te meten en analyseren;<\/li>\n\n\n\n<li>(4) marketing cookies om je (gepersonaliseerde) advertenties te bezorgen; en<\/li>\n\n\n\n<li>(5) andere cookies van derde partijen die we op onze website toestaan.<\/li>\n<\/ul>\n\n\n\n<div style=\"height:10px\" aria-hidden=\"true\" class=\"wp-block-spacer\"><\/div>\n\n\n\n<p>Meer informatie hieromtrent vind je in onze&nbsp;<strong><a href=\"\/cookie-beleid\">cookie beleid<\/a><\/strong>&nbsp;.<\/p>\n\n\n\n<div style=\"height:25px\" aria-hidden=\"true\" class=\"wp-block-spacer\"><\/div>\n\n\n\n<div style=\"height:0px\" aria-hidden=\"true\" class=\"wp-block-spacer\"><\/div>\n\n\n\n<h4 class=\"wp-block-heading\"><strong>3.2&nbsp;Contact via website<\/strong><\/h4>\n\n\n\n<p><strong>Toestemming<\/strong> &#8211; Op onze website zijn contactformulieren beschikbaar om met ons in contact te treden. Je kan ons ook altijd bereiken via e-mail of telefoon. We verwerken deze persoonsgegevens om je contactverzoek te behandelen maar hebben geen zicht of controle over eventuele andere persoonsgegevens die je ons meedeelt via de open invulvelden. We verzoeken je hier geen vertrouwelijke of gevoelige gegevens in mee te delen.<\/p>\n\n\n\n<div style=\"height:10px\" aria-hidden=\"true\" class=\"wp-block-spacer\"><\/div>\n\n\n\n<p>Deze verwerking gebeurt op basis van je toestemming. Weet dat je die te allen tijde kan intrekken. Deze intrekking heeft geen invloed hebben op de rechtmatigheid van de verwerking die gebeurde voor de intrekking van je toestemming.<\/p>\n\n\n\n<div style=\"height:10px\" aria-hidden=\"true\" class=\"wp-block-spacer\"><\/div>\n\n\n\n<p><strong>Welke persoonsgegevens verwerken wij?&nbsp;<\/strong><\/p>\n\n\n\n<ul class=\"wp-block-list\">\n<li>Identificatie- en contactgegevens<\/li>\n\n\n\n<li>Andere gegevens zoals mogelijks spontaan meegedeeld in het contactformulier:<ul><li>Beroep gerelateerde gegevens<\/li><\/ul><ul><li>Persoonlijke bijzonderheden<\/li><\/ul>\n<ul class=\"wp-block-list\">\n<li>\u2026<\/li>\n<\/ul>\n<\/li>\n<\/ul>\n\n\n\n<div style=\"height:10px\" aria-hidden=\"true\" class=\"wp-block-spacer\"><\/div>\n\n\n\n<p><strong>Hoe verkrijgen we deze persoonsgegevens?<\/strong>&nbsp;<\/p>\n\n\n\n<p>Rechtstreeks van jou bij het invullen van ons contactformulier<\/p>\n\n\n\n<div style=\"height:10px\" aria-hidden=\"true\" class=\"wp-block-spacer\"><\/div>\n\n\n\n<p><strong>Hoe lang bewaren we ze?<\/strong>&nbsp;<\/p>\n\n\n\n<p>Tot 1 jaar na afhandeling van het contactverzoek plus de archiveringstermijn van de daaraan gerelateerde communicatie (zoals e-mails) te archiveren.<\/p>\n\n\n\n<div style=\"height:10px\" aria-hidden=\"true\" class=\"wp-block-spacer\"><\/div>\n\n\n\n<p><strong>Met wie kunnen we deze persoonsgegevens delen (andere dan de verbonden en geassocieerde vennootschappen)?<\/strong>&nbsp;<\/p>\n\n\n\n<p>Verwerkers (zoals bijvoorbeeld onze hosting partner) waar we beroep op doen in kader van onze website, het contact of ons relatiebeheer.<\/p>\n\n\n\n<div style=\"height:10px\" aria-hidden=\"true\" class=\"wp-block-spacer\"><\/div>\n\n\n\n<p><strong>Wordt er bij deze activiteiten aan geautomatiseerde individuele besluitvorming gedaan?<\/strong><\/p>\n\n\n\n<p>Nee<\/p>\n\n\n\n<div style=\"height:10px\" aria-hidden=\"true\" class=\"wp-block-spacer\"><\/div>\n\n\n\n<p><strong>Is er bij deze activiteiten sprake van een doorgifte buiten de EER?<\/strong><\/p>\n\n\n\n<p>Nee<\/p>\n\n\n\n<div style=\"height:50px\" aria-hidden=\"true\" class=\"wp-block-spacer\"><\/div>\n\n\n\n<h3 class=\"wp-block-heading\"><strong>4. Delen van persoonsgegevens met derden<\/strong><\/h3>\n\n\n\n<p>Wanneer je onze website bezoekt of als klant gebruik maakt van <a>onze producten en diensten <\/a>kan het zijn dat we in het kader daarvan beroep doen op derde partijen, zoals partners, verbonden en geassocieerde vennootschappen en leveranciers waaraan we je persoonsgegevens doorgeven. Deze derde partijen helpen ons onze producten en diensten te leveren, te ondersteunen, te ontwikkelen en inzicht te krijgen in het gebruik hiervan en leveren diensten zoals o.a. hosting, klanten- en technische ondersteuning, marketing, analyse, levering van content en\/of het uitvoeren van onlinebetaling(en).<\/p>\n\n\n\n<div style=\"height:10px\" aria-hidden=\"true\" class=\"wp-block-spacer\"><\/div>\n\n\n\n<p>Het is bovendien mogelijk dat we in het kader van een reorganisatie, herstructurering, fusie, verkoop of andere overdracht van bedrijfsmiddelen ook gegevens delen (inclusief persoonsgegevens) met derde partijen. Wij delen de door jou verstrekte informatie, automatisch verzamelde informatie en informatie van anderen met deze derde partijen voor zover dat nodig is om hen in staat te stellen hun diensten of ondersteuning te verlenen. Bij de hierboven beschreven activiteiten geven we per activiteit aan met welke categorie\u00ebn derde partijen, andere dan de verbonden en geassocieerde vennootschappen, we je persoonsgegevens delen.<\/p>\n\n\n\n<div style=\"height:10px\" aria-hidden=\"true\" class=\"wp-block-spacer\"><\/div>\n\n\n\n<p>Verder kan het zijn dat we toegang tot je gegevens moeten verstrekken of je gegevens moeten doorgeven omwille van een wettelijke verplichting. Dit aan autoriteiten, overheidsinstellingen of andere derden.<\/p>\n\n\n\n<div style=\"height:10px\" aria-hidden=\"true\" class=\"wp-block-spacer\"><\/div>\n\n\n\n<p>Tot slot geven we je gegevens mogelijks door indien dit in het kader van je vitaal belang nodig mocht blijken.<\/p>\n\n\n\n<div style=\"height:50px\" aria-hidden=\"true\" class=\"wp-block-spacer\"><\/div>\n\n\n\n<h3 class=\"wp-block-heading\"><strong>5. Doorgeven van persoonsgegevens buiten de EER<\/strong><\/h3>\n\n\n\n<p>Colabo probeert de doorgifte van persoonsgegevens aan derde partijen buiten de Europese Economische Ruimte (hierna: \u201cEER\u201d) steeds te beperken.<\/p>\n\n\n\n<div style=\"height:10px\" aria-hidden=\"true\" class=\"wp-block-spacer\"><\/div>\n\n\n\n<p>Wanneer dit toch het geval zou zijn zullen we er in deze situatie zo snel als mogelijk voor zorgen dat deze doorgifte in overeenstemming met de AVG (door o.a. de aanwezigheid van een adequaatheidsbesluit in het betreffende land of het inregelen van een gepast alternatief, desgevallend aanvullende maatregelen, etc.) wordt gebracht.<\/p>\n\n\n\n<div style=\"height:10px\" aria-hidden=\"true\" class=\"wp-block-spacer\"><\/div>\n\n\n\n<p>We verwijzen voor de specifieke doorgiftes naar het hoofdstuk 3 \u201c<a href=\"#pv-3\"><strong>Waarom en hoe verwerken wij je persoonsgegevens<\/strong><\/a>?\u201d.<\/p>\n\n\n\n<div style=\"height:50px\" aria-hidden=\"true\" class=\"wp-block-spacer\"><\/div>\n\n\n\n<h3 class=\"wp-block-heading\"><strong>6. Hoe lang bewaren we je persoonsgegevens?<\/strong><\/h3>\n\n\n\n<p>Wij bewaren je persoonsgegevens niet langer dan strikt nodig is om de doeleinden te realiseren waarvoor de persoonsgegevens zijn verzameld of volgens de wettelijke verplichting die ons is opgelegd. We verwijzen voor de specifieke bewaartermijn naar het hoofdstuk 3 \u201c<a href=\"#pv-3\"><strong>Waarom en hoe verwerken wij je persoonsgegevens<\/strong><\/a>&nbsp;?\u201d.<\/p>\n\n\n\n<div style=\"height:50px\" aria-hidden=\"true\" class=\"wp-block-spacer\"><\/div>\n\n\n\n<h3 class=\"wp-block-heading\"><strong>7. Geautomatiseerde individuele besluitvorming<\/strong><\/h3>\n\n\n\n<p>De Europese wetgeving rond gegevensbescherming (GDPR \/ AVG) legt organisaties bepaalde voorwaarden op wanneer ze besluiten nemen over individuen uitsluitend op basis van verwerkingen die volledig geautomatiseerd zijn, waaronder profilering, en wanneer deze besluiten rechtsgevolgen of andere significante gevolgen hebben. Colabo doet niet aan dit soort besluitvorming.<\/p>\n\n\n\n<div style=\"height:50px\" aria-hidden=\"true\" class=\"wp-block-spacer\"><\/div>\n\n\n\n<h3 class=\"wp-block-heading\"><strong>8. Wat zijn je rechten en hoe kan je deze uitoefenen?<\/strong><\/h3>\n\n\n\n<p>Colabo vindt het belangrijk dat je steeds zelf controle behoudt over de verwerking van je persoonsgegevens. Hieronder vind je meer informatie over de verschillende rechten waarover je beschikt en beroep kan doen met betrekking tot de verwerking van je persoonsgegevens.<\/p>\n\n\n\n<div style=\"height:10px\" aria-hidden=\"true\" class=\"wp-block-spacer\"><\/div>\n\n\n\n<p>Afhankelijk van de verwerking en de rechtsgrond van die verwerking is het mogelijk dat bepaalde voorwaarden of beperkingen gekoppeld zijn aan de uitoefening van onderstaande rechten.&nbsp;<\/p>\n\n\n\n<div style=\"height:10px\" aria-hidden=\"true\" class=\"wp-block-spacer\"><\/div>\n\n\n\n<p>Voor het uitoefenen van bovenstaande rechten, of informatie daaromtrent, kan je contact opnemen met <a href=\"mailto:dpo@fieldside.be\"><strong>dpo@fieldside.be<\/strong><\/a>. We geven dan ook meer informatie als er bepaalde modaliteiten gekoppeld zijn aan je verzoek. Voorts is het mogelijk dat we extra informatie vragen om je identiteit te verifi\u00ebren zodat je persoonsgegevens niet ten onrechte worden verwijderd of worden gedeeld met iemand die daar geen recht op heeft. We trachten zonder onredelijke vertraging, maar in elk geval binnen een termijn van \u00e9\u00e9n maand na ontvangst van jouw verzoek hierop te reageren. Indien wij niet binnen een termijn van \u00e9\u00e9n maand kunnen reageren en de termijn wensen te verlengen, of als wij geen gevolg zullen geven aan het verzoek, zullen wij jou daarvan in kennis stellen.<\/p>\n\n\n\n<div style=\"height:25px\" aria-hidden=\"true\" class=\"wp-block-spacer\"><\/div>\n\n\n\n<h4 class=\"wp-block-heading\"><strong>8.1&nbsp;Recht op inzage<\/strong><\/h4>\n\n\n\n<p>In het geval dat wij je persoonsgegevens verwerken, heb je recht op toegang tot je persoonsgegevens, alsook tot bepaalde aanvullende informatie zoals omschreven in deze privacyverklaring.&nbsp;Je hebt het recht van ons een kopie te ontvangen van de persoonsgegevens die wij in ons bezit hebben, op voorwaarde dat dit geen nadelige invloed heeft op de rechten en vrijheden van anderen. Het eerste exemplaar word je kosteloos bezorgd, maar bij herhaaldelijke vraag behouden wij ons het recht voor om een redelijke vergoeding in rekening te brengen.<\/p>\n\n\n\n<div style=\"height:25px\" aria-hidden=\"true\" class=\"wp-block-spacer\"><\/div>\n\n\n\n<h4 class=\"wp-block-heading\"><strong>8.2&nbsp;Recht op verbetering<\/strong><\/h4>\n\n\n\n<p>Indien de persoonsgegevens die wij over jou bewaren onnauwkeurig of onvolledig zijn, heb je het recht om deze informatie te laten corrigeren of, gelet op de doeleinden van de verwerking \u2013 te voltooien.<\/p>\n\n\n\n<div style=\"height:25px\" aria-hidden=\"true\" class=\"wp-block-spacer\"><\/div>\n\n\n\n<h4 class=\"wp-block-heading\"><strong>8.3&nbsp;Recht op beperking van de verwerking<\/strong><\/h4>\n\n\n\n<p>Je hebt het recht de verwerking van je persoonsgegevens te laten beperken. Dit betekent dat de persoonsgegevens alleen door ons mogen worden opgeslagen en alleen voor beperkte doeleinden mogen worden gebruikt. Dit recht is van toepassing indien \u00e9\u00e9n van de volgende situaties zich voordoet:&nbsp;&nbsp;<\/p>\n\n\n\n<ul class=\"wp-block-list\">\n<li>Je betwist de juistheid van de persoonsgegevens, gedurende een periode die ons in staat stelt de juistheid van de persoonsgegevens te controleren;&nbsp;&nbsp;<\/li>\n\n\n\n<li>De verwerking is onrechtmatig maar je verzet je tegen het wissen van de persoonsgegevens en verzoekt in de plaats daarvan om beperking van het gebruik ervan;&nbsp;<\/li>\n\n\n\n<li>Wij hebben je persoonsgegevens niet meer nodig voor de hierboven beschreven verwerkingsdoeleinden maar jij hebt deze nodig voor de instelling, uitoefening of onderbouwing van een rechtsvordering; of,&nbsp;<\/li>\n\n\n\n<li>Je hebt bezwaar gemaakt tegen een verwerking en vraagt ons tot beperking van de verwerking in afwachting van het antwoord op de vraag of onze belangen zwaarder wegen dan die van jou.&nbsp;&nbsp;<\/li>\n<\/ul>\n\n\n\n<div style=\"height:10px\" aria-hidden=\"true\" class=\"wp-block-spacer\"><\/div>\n\n\n\n<p>Naast ons recht om je persoonsgegevens op te slaan, kunnen we deze nog steeds verwerken, maar alleen:&nbsp;&nbsp;<\/p>\n\n\n\n<ul class=\"wp-block-list\">\n<li>Met je toestemming;&nbsp;&nbsp;<\/li>\n\n\n\n<li>Voor het instellen, uitoefenen of verdedigen van een rechtsvordering;&nbsp;&nbsp;<\/li>\n\n\n\n<li>Ter bescherming van de rechten van een andere natuurlijke of rechtspersoon; of&nbsp;<\/li>\n\n\n\n<li>Om redenen van openbaar belang.&nbsp;&nbsp;<\/li>\n<\/ul>\n\n\n\n<div style=\"height:10px\" aria-hidden=\"true\" class=\"wp-block-spacer\"><\/div>\n\n\n\n<p>Vooraleer we de beperking van de verwerking van je persoonsgegevens opheffen, word je daarover ge\u00efnformeerd.&nbsp;<\/p>\n\n\n\n<div style=\"height:25px\" aria-hidden=\"true\" class=\"wp-block-spacer\"><\/div>\n\n\n\n<h4 class=\"wp-block-heading\"><strong>8.4&nbsp;Recht op gegevensoverdraagbaarheid<\/strong><\/h4>\n\n\n\n<p>Indien de verwerking van je persoonsgegevens berust op jouw toestemming, en de verwerking via geautomatiseerde processen wordt verricht, heb je het recht om een kopie van je persoonsgegevens te ontvangen in een gestructureerde, gangbare en machineleesbare vorm. Je hebt bovendien het recht om jouw persoonsgegevens, indien dit technisch mogelijk is, rechtstreeks door ons aan een derde partij te laten bezorgen. Dit recht is niet van toepassing wanneer dit afbreuk zou doen aan de rechten en vrijheden van anderen.<\/p>\n\n\n\n<div style=\"height:25px\" aria-hidden=\"true\" class=\"wp-block-spacer\"><\/div>\n\n\n\n<h4 class=\"wp-block-heading\"><strong>8.5&nbsp;Recht op bezwaar<\/strong><\/h4>\n\n\n\n<p>Je hebt het recht om bezwaar te maken tegen de verwerking van je persoonsgegevens in de hierboven beschreven activiteiten. In het laatste geval kan dit enkel indien de activiteit gerelateerd is aan (1) de uitvoering van een taak van algemeen belang of bij de uitoefening van een taak in het kader van de uitoefening van het openbaar gezag dat aan ons is verleend of (2) de behartiging van onze gerechtvaardigde belangen of die van een derde.&nbsp;&nbsp;<\/p>\n\n\n\n<div style=\"height:10px\" aria-hidden=\"true\" class=\"wp-block-spacer\"><\/div>\n\n\n\n<p>Indien je bezwaar maakt tegen de verwerking van je persoonsgegevens, zullen wij de persoonsgegevens niet meer verwerken, tenzij wij aantoonbare gerechtvaardigde belangen voor de verwerking kunnen aantonen die zwaarder wegen dan je belangen, grondrechten en fundamentele vrijheden.&nbsp;&nbsp;<\/p>\n\n\n\n<div style=\"height:10px\" aria-hidden=\"true\" class=\"wp-block-spacer\"><\/div>\n\n\n\n<p>Wanneer je persoonsgegevens worden verwerkt ten behoeve van direct marketing, ongeacht of het een aanvankelijke dan wel een verdere verwerking betreft, heb je het recht te allen tijde en kosteloos bezwaar te maken tegen deze verwerking, ook in het geval van profilering voor zover deze betrekking heeft op de direct marketing. Indien je zo\u2019n bezwaar maakt, zullen wij stoppen met het verwerken van je persoonsgegevens voor dit doeleinde.<\/p>\n\n\n\n<div style=\"height:25px\" aria-hidden=\"true\" class=\"wp-block-spacer\"><\/div>\n\n\n\n<h4 class=\"wp-block-heading\"><strong>8.6&nbsp;Recht op gegevenswissing (recht op vergetelheid)<\/strong><\/h4>\n\n\n\n<p>Je hebt het recht om ons het wissen van je persoonsgegevens te verzoeken. Dit betekent dat de persoonsgegevens door ons zonder onredelijke vertraging moeten worden verwijderd. Dit recht is van toepassing indien \u00e9\u00e9n van de volgende situaties zich voordoet:&nbsp;&nbsp;<\/p>\n\n\n\n<ul class=\"wp-block-list\">\n<li>De persoonsgegevens zijn niet langer nodig voor de doeleinden waarvoor zij zijn verzameld of anderszins verwerkt;&nbsp;<\/li>\n\n\n\n<li>Je trekt je toestemming waarop de verwerking berust in, en er is geen andere rechtsgrond voor de verwerking van jouw persoonsgegevens;&nbsp;<\/li>\n\n\n\n<li>Je persoonsgegevens zijn onrechtmatig verwerkt;&nbsp;<\/li>\n\n\n\n<li>Wissing van je persoonsgegevens is noodzakelijk om in overeenstemming te zijn met Europees of Belgisch recht;&nbsp;<\/li>\n<\/ul>\n\n\n\n<div style=\"height:10px\" aria-hidden=\"true\" class=\"wp-block-spacer\"><\/div>\n\n\n\n<p>Indien je ons verzoekt je persoonsgegevens te wissen, zullen wij de persoonsgegevens wissen tenzij \u00e9\u00e9n van de volgende situaties (uitzonderingen) zich voordoet:&nbsp;&nbsp;<\/p>\n\n\n\n<ul class=\"wp-block-list\">\n<li>De verwerking kadert in het uitoefenen van het recht op vrijheid van meningsuiting en informatie;&nbsp;<\/li>\n\n\n\n<li>Het wissen is niet aan de orde gezien redenen van algemeen belang op het gebied van volksgezondheid;&nbsp;<\/li>\n\n\n\n<li>Het wissen is niet aan de orde gezien de nood aan archivering in het algemeen belang, of statistische doeleinden;&nbsp;<\/li>\n<\/ul>\n\n\n\n<div style=\"height:10px\" aria-hidden=\"true\" class=\"wp-block-spacer\"><\/div>\n\n\n\n<p>Er geldt een wettelijke verplichting de gegevens te behouden; of,&nbsp;<\/p>\n\n\n\n<ul class=\"wp-block-list\">\n<li>Het wissen is niet aan de orde gezien de instelling, uitoefening of onderbouwing van een rechtsvordering.&nbsp;&nbsp;<\/li>\n<\/ul>\n\n\n\n<div style=\"height:25px\" aria-hidden=\"true\" class=\"wp-block-spacer\"><\/div>\n\n\n\n<h4 class=\"wp-block-heading\"><strong>8.7&nbsp;Recht op het intrekken van je toestemming<\/strong><\/h4>\n\n\n\n<p>Wanneer je toestemming gegeven hebt voor een bepaalde verwerkingen van je persoonsgegevens, kan je deze op elk moment terug intrekken. Je toestemming intrekken proberen we zo eenvoudig mogelijk te maken en in de mate van het mogelijke even eenvoudig als het geven van je toestemming.<\/p>\n\n\n\n<div style=\"height:25px\" aria-hidden=\"true\" class=\"wp-block-spacer\"><\/div>\n\n\n\n<h4 class=\"wp-block-heading\"><strong>8.8&nbsp;Recht om je te verzetten tegen de verwerking van je persoonsgegevens bij geautomatiseerde individuele besluitvorming<\/strong><\/h4>\n\n\n\n<p>Wanneer je persoonsgegevens gebruikt worden in het kader van een geautomatiseerde individuele besluitvorming en wanneer deze besluiten rechtsgevolgen of andere significante gevolgen hebben kan je ons verzoeken om je gegevens niet meer te gebruiken. Indien je je verzet tegen deze verwerking zullen we de verwerking stopzetten of beperken tenzij er dwingende redenen zijn om dat wel te doen.<\/p>\n\n\n\n<div style=\"height:50px\" aria-hidden=\"true\" class=\"wp-block-spacer\"><\/div>\n\n\n\n<h3 class=\"wp-block-heading\"><strong>9. Bij wie kan ik met verdere vragen of eventuele klachten rond privacy terecht?<\/strong><\/h3>\n\n\n\n<p>Indien je na het lezen van deze privacyverklaring verdere vragen of opmerkingen hebt met betrekking tot de verzameling en verwerking van jouw persoonsgegevens, kan je steeds contact opnemen met ons op volgend e-mailadres: <a href=\"mailto:dpo@fieldside.be\"><strong>dpo@fieldside.be<\/strong><\/a>.<\/p>\n\n\n\n<div style=\"height:10px\" aria-hidden=\"true\" class=\"wp-block-spacer\"><\/div>\n\n\n\n<p>Daarnaast heb je het recht om eventuele opmerkingen en opmerkingen of klachten over te maken aan de toezichthoudende autoriteit die verantwoordelijk is voor gegevensbescherming. Je kan dit doen in de EU-lidstaat waar je verblijft, de plaats waar je werkt of de plaats waar de vermeende inbreuk heeft plaatsgevonden. In Belgi\u00eb kan je een klacht indienen bij de Gegevensbeschermingsautoriteit:<\/p>\n\n\n\n<div style=\"height:10px\" aria-hidden=\"true\" class=\"wp-block-spacer\"><\/div>\n\n\n\n<p><strong>Gegevensbeschermingsautoriteit (\u2018GBA\u2019)<\/strong><br>Drukpersstraat 35, 1000 Brussel<br>+32 (0)2 274 48 00<br><strong><a href=\"http:\/\/www.gegevensbeschermingsautoriteit.be\/burger\/acties\/klacht-indienen\" target=\"_blank\" rel=\"noopener\">www.gegevensbeschermingsautoriteit.be\/burger\/acties\/klacht-indienen<\/a><br><a href=\"http:\/\/www.gegevensbeschermingsautoriteit.be\" target=\"_blank\" rel=\"noopener\">www.gegevensbeschermingsautoriteit.be<\/a><\/strong><\/p>\n\n\n\n<div style=\"height:10px\" aria-hidden=\"true\" class=\"wp-block-spacer\"><\/div>\n\n\n\n<p>Omdat we een groot belang hechten aan onze onderlinge relatie verzoeken we je om steeds eerst contact met ons op te nemen zodat we een oplossing kunnen uitwerken voor wat aan de basis van je klacht ligt.<\/p>\n\n\n\n<div style=\"height:50px\" aria-hidden=\"true\" class=\"wp-block-spacer\"><\/div>\n\n\n\n<h3 class=\"wp-block-heading\"><strong>10. Aanpassingen aan de privacyverklaring<\/strong><\/h3>\n\n\n\n<p>Onze organisatie en dus ook onze website zijn een dynamische en innovatieve omgeving. Deze privacyverklaring kan aangepast worden, als onze diensten of de geldende wetgeving dat vragen. Dat betekent dat wij voortdurend op zoek gaan naar een betere dienstverlening op jouw maat. Het is mogelijk dat er nieuwe toepassingen komen waarbij we je persoonsgegevens op een andere manier zullen verzamelen of verwerken. Uiteraard brengen we je op de hoogte wanneer er belangrijke wijzigingen aan deze privacyverklaring zijn, en zullen we je toestemming vragen als dat nodig is.<\/p>\n\n\n\n<p><a id=\"_msocom_1\"><\/a><\/p>\n\n\n\n<p><\/p>\n","protected":false},"excerpt":{"rendered":"<p>Colabo hecht een groot belang aan je privacy en een zorgvuldige omgang met je persoonsgegevens. We doen daarom ons uiterste best om je met deze privacyverklaring in heldere en duidelijke taal uit te leggen welke persoonsgegevens we van jou verzamelen, waarvoor we deze gebruiken en wat je rechten in dit verband zijn. Deze versie van &hellip; <a href=\"https:\/\/colabo.be\/nl\/privacyverklaring\/\">Continued<\/a><\/p>\n","protected":false},"author":2,"featured_media":0,"parent":0,"menu_order":20,"comment_status":"closed","ping_status":"closed","template":"pages.privacy-policy-content.blade.php","meta":{"_acf_changed":false,"footnotes":""},"class_list":["post-3","page","type-page","status-publish","hentry"],"acf":[],"_links":{"self":[{"href":"https:\/\/colabo.be\/nl\/wp-json\/wp\/v2\/pages\/3","targetHints":{"allow":["GET"]}}],"collection":[{"href":"https:\/\/colabo.be\/nl\/wp-json\/wp\/v2\/pages"}],"about":[{"href":"https:\/\/colabo.be\/nl\/wp-json\/wp\/v2\/types\/page"}],"author":[{"embeddable":true,"href":"https:\/\/colabo.be\/nl\/wp-json\/wp\/v2\/users\/2"}],"replies":[{"embeddable":true,"href":"https:\/\/colabo.be\/nl\/wp-json\/wp\/v2\/comments?post=3"}],"version-history":[{"count":7,"href":"https:\/\/colabo.be\/nl\/wp-json\/wp\/v2\/pages\/3\/revisions"}],"predecessor-version":[{"id":243,"href":"https:\/\/colabo.be\/nl\/wp-json\/wp\/v2\/pages\/3\/revisions\/243"}],"wp:attachment":[{"href":"https:\/\/colabo.be\/nl\/wp-json\/wp\/v2\/media?parent=3"}],"curies":[{"name":"wp","href":"https:\/\/api.w.org\/{rel}","templated":true}]}}